{"id":58,"date":"2020-04-20T17:01:14","date_gmt":"2020-04-20T17:01:14","guid":{"rendered":"https:\/\/tmazone.ch\/tmazone\/?page_id=58"},"modified":"2020-05-23T16:02:42","modified_gmt":"2020-05-23T16:02:42","slug":"automatisch-gespeicherter-entwurf","status":"publish","type":"page","link":"https:\/\/tmazone.ch\/tmazone\/","title":{"rendered":"Erste Seite"},"content":{"rendered":"<p>[et_pb_section fb_built=&#8220;1&#8243; _builder_version=&#8220;4.4.7&#8243; background_color=&#8220;rgba(140,105,70,0.2)&#8220; custom_margin=&#8220;0px||0px||true|false&#8220; animation_style=&#8220;zoom&#8220; custom_css_main_element=&#8220;min-height: calc(100vh &#8211; 40px);||display: flex;||flex-direction: column;||||&#8220; max_width__hover_enabled=&#8220;off|desktop&#8220; min_height__hover_enabled=&#8220;off|desktop&#8220; overflow-x__hover_enabled=&#8220;on|desktop&#8220; custom_css_main_element__hover_enabled=&#8220;on|desktop&#8220; height__hover_enabled=&#8220;off|desktop&#8220; max_height__hover_enabled=&#8220;on|desktop&#8220; custom_padding__hover_enabled=&#8220;on|desktop&#8220;][et_pb_row column_structure=&#8220;1_3,1_3,1_3&#8243; make_equal=&#8220;on&#8220; _builder_version=&#8220;4.4.7&#8243; width=&#8220;85%&#8220; custom_margin=&#8220;40px||||false|false&#8220; custom_padding=&#8220;0px||0px||true|false&#8220; animation_style=&#8220;zoom&#8220; hover_enabled=&#8220;0&#8243; locked=&#8220;off&#8220; gutter_width__hover_enabled=&#8220;on|desktop&#8220; transform_scale=&#8220;110%|110%&#8220;][et_pb_column type=&#8220;1_3&#8243; _builder_version=&#8220;4.4.5&#8243; custom_padding=&#8220;0px||||false|false&#8220; border_radii=&#8220;off||||&#8220; custom_padding__hover=&#8220;|||&#8220;][et_pb_blurb title=&#8220;pictrzone.ch&#8220; url=&#8220;http:\/\/www.pictrzone.ch&#8220; url_new_window=&#8220;on&#8220; image=&#8220;https:\/\/tmazone.ch\/tmazone\/wp-content\/uploads\/2020\/04\/20150224_Basel_040.jpg&#8220; image_max_width=&#8220;90%&#8220; content_max_width_tablet=&#8220;&#8220; content_max_width_phone=&#8220;&#8220; content_max_width_last_edited=&#8220;on|phone&#8220; _builder_version=&#8220;4.4.5&#8243; header_font=&#8220;Oswald|on||on|&#8220; header_font_size=&#8220;24px&#8220; body_font=&#8220;Roboto||||&#8220; body_font_size=&#8220;16px&#8220; body_line_height=&#8220;1.8em&#8220; background_color=&#8220;rgba(0,0,0,0.06)&#8220; text_orientation=&#8220;center&#8220; max_height_tablet=&#8220;&#8220; max_height_phone=&#8220;&#8220; max_height_last_edited=&#8220;on|desktop&#8220; custom_margin=&#8220;0px||0px||true|false&#8220; custom_padding=&#8220;10px||0px||false|false&#8220; border_radii=&#8220;on|5px|5px|5px|5px&#8220; border_radii_image=&#8220;on|5px|5px|5px|5px&#8220; box_shadow_style=&#8220;preset6&#8243; max_height__hover_enabled=&#8220;on|desktop&#8220;]<\/p>\n<p style=\"text-align: justify;\">\n<p style=\"text-align: justify;\">Auf dieser Seite findest Du viele Bilder von uns. Um bestimmte Kategorien zu sehen, musst Du Dich registrieren\/anmelden.<\/p>\n<p style=\"text-align: justify;\">\n<p style=\"text-align: justify;\">[\/et_pb_blurb][\/et_pb_column][et_pb_column type=&#8220;1_3&#8243; _builder_version=&#8220;3.25&#8243; custom_padding=&#8220;|||&#8220; custom_padding__hover=&#8220;|||&#8220;][et_pb_blurb title=&#8220;SRILANKAHELP.CH&#8220; url=&#8220;http:\/\/www.srilankahelp.ch&#8220; url_new_window=&#8220;on&#8220; image=&#8220;https:\/\/tmazone.ch\/tmazone\/wp-content\/uploads\/2020\/04\/SRI-Lanka-098.jpg&#8220; image_max_width=&#8220;90%&#8220; content_max_width_tablet=&#8220;&#8220; content_max_width_phone=&#8220;&#8220; content_max_width_last_edited=&#8220;on|phone&#8220; _builder_version=&#8220;4.4.5&#8243; header_font=&#8220;Oswald|on||on|&#8220; header_font_size=&#8220;24px&#8220; body_font=&#8220;Roboto||||&#8220; body_font_size=&#8220;16px&#8220; body_line_height=&#8220;1.8em&#8220; background_color=&#8220;rgba(0,0,0,0.06)&#8220; text_orientation=&#8220;center&#8220; max_height_tablet=&#8220;&#8220; max_height_phone=&#8220;&#8220; max_height_last_edited=&#8220;on|desktop&#8220; custom_margin=&#8220;0px||0px||true|false&#8220; custom_padding=&#8220;10px||0px||false|false&#8220; border_radii=&#8220;on|5px|5px|5px|5px&#8220; border_radii_image=&#8220;on|5px|5px|5px|5px&#8220; box_shadow_style=&#8220;preset6&#8243; max_height__hover_enabled=&#8220;on|desktop&#8220;]<\/p>\n<p style=\"text-align: justify;\">\n<p style=\"text-align: justify;\">Auf dieser Seite findest Du s\u00e4mtliche Informationen unserer Projekte seit dem Tsumani vom Dez 2004.<\/p>\n<p style=\"text-align: justify;\">\n<p style=\"text-align: justify;\">[\/et_pb_blurb][\/et_pb_column][et_pb_column type=&#8220;1_3&#8243; _builder_version=&#8220;3.25&#8243; custom_padding=&#8220;|||&#8220; custom_padding__hover=&#8220;|||&#8220;][et_pb_blurb title=&#8220;Sri Lanka Blog&#8220; url=&#8220;@ET-DC@eyJkeW5hbWljIjp0cnVlLCJjb250ZW50IjoicG9zdF9saW5rX3VybF9wYWdlIiwic2V0dGluZ3MiOnsicG9zdF9pZCI6IjM1NTUifX0=@&#8220; image=&#8220;https:\/\/tmazone.ch\/tmazone\/wp-content\/uploads\/2020\/04\/Wallawa1.jpg&#8220; image_max_width=&#8220;90%&#8220; content_max_width_tablet=&#8220;&#8220; content_max_width_phone=&#8220;&#8220; content_max_width_last_edited=&#8220;on|phone&#8220; _builder_version=&#8220;4.4.5&#8243; _dynamic_attributes=&#8220;url&#8220; header_font=&#8220;Oswald|on||on|&#8220; header_font_size=&#8220;24px&#8220; body_font=&#8220;Roboto||||&#8220; body_font_size=&#8220;16px&#8220; body_line_height=&#8220;1.8em&#8220; background_color=&#8220;rgba(0,0,0,0.06)&#8220; text_orientation=&#8220;center&#8220; max_height_tablet=&#8220;&#8220; max_height_phone=&#8220;&#8220; max_height_last_edited=&#8220;on|desktop&#8220; custom_margin=&#8220;0px||0px||true|false&#8220; custom_padding=&#8220;10px||0px||false|false&#8220; border_radii=&#8220;on|5px|5px|5px|5px&#8220; border_radii_image=&#8220;on|5px|5px|5px|5px&#8220; box_shadow_style=&#8220;preset6&#8243; max_height__hover_enabled=&#8220;on|desktop&#8220;]<\/p>\n<p style=\"text-align: justify;\">\n<p style=\"text-align: justify;\">Hier findest Du alle Informationen \u00fcber unsere Aktivit\u00e4ten in Sri Lanka. Um diese zu sehen, musst Du Dich anmelden.<\/p>\n<p style=\"text-align: justify;\">\n<p style=\"text-align: justify;\">[\/et_pb_blurb][\/et_pb_column][\/et_pb_row][\/et_pb_section]<\/p>\n","protected":false},"excerpt":{"rendered":"<p>Auf dieser Seite findest Du viele Bilder von uns. Um bestimmte Kategorien zu sehen, musst Du Dich registrieren\/anmelden. Auf dieser Seite findest Du s\u00e4mtliche Informationen unserer Projekte seit dem Tsumani vom Dez 2004. Hier findest Du alle Informationen \u00fcber unsere Aktivit\u00e4ten in Sri Lanka. Um diese zu sehen, musst Du Dich anmelden.<\/p>\n","protected":false},"author":1,"featured_media":0,"parent":0,"menu_order":0,"comment_status":"closed","ping_status":"closed","template":"","meta":{"_et_pb_use_builder":"on","_et_pb_old_content":"","_et_gb_content_width":"","ngg_post_thumbnail":0,"footnotes":""},"class_list":["post-58","page","type-page","status-publish","hentry"],"post_mailing_queue_ids":[],"_links":{"self":[{"href":"https:\/\/tmazone.ch\/tmazone\/wp-json\/wp\/v2\/pages\/58","targetHints":{"allow":["GET"]}}],"collection":[{"href":"https:\/\/tmazone.ch\/tmazone\/wp-json\/wp\/v2\/pages"}],"about":[{"href":"https:\/\/tmazone.ch\/tmazone\/wp-json\/wp\/v2\/types\/page"}],"author":[{"embeddable":true,"href":"https:\/\/tmazone.ch\/tmazone\/wp-json\/wp\/v2\/users\/1"}],"replies":[{"embeddable":true,"href":"https:\/\/tmazone.ch\/tmazone\/wp-json\/wp\/v2\/comments?post=58"}],"version-history":[{"count":93,"href":"https:\/\/tmazone.ch\/tmazone\/wp-json\/wp\/v2\/pages\/58\/revisions"}],"predecessor-version":[{"id":4136,"href":"https:\/\/tmazone.ch\/tmazone\/wp-json\/wp\/v2\/pages\/58\/revisions\/4136"}],"wp:attachment":[{"href":"https:\/\/tmazone.ch\/tmazone\/wp-json\/wp\/v2\/media?parent=58"}],"curies":[{"name":"wp","href":"https:\/\/api.w.org\/{rel}","templated":true}]}}